{"id":10937,"date":"2020-12-16T13:33:56","date_gmt":"2020-12-16T13:33:56","guid":{"rendered":"https:\/\/www.edge-safety.eu\/cms\/?page_id=10937"},"modified":"2020-12-22T16:19:07","modified_gmt":"2020-12-22T16:19:07","slug":"basic","status":"publish","type":"page","link":"https:\/\/www.edge-safety.eu\/cms\/valbescherming\/harnassen\/basic\/","title":{"rendered":"Basic"},"content":{"rendered":"<div class=\"wpb-content-wrapper\"><p>[vc_row][vc_column][vc_custom_heading text=&#8221;Basic&#8221; font_container=&#8221;tag:h3|text_align:left&#8221; use_theme_fonts=&#8221;yes&#8221;][vc_column_text]<span style=\"color: #000000;\"><strong><span style=\"color: #ff0000;\">EENVOUDIG, FUNCTIONEEL EN VEILIG<\/span><br \/>\n<\/strong>Ons Basic gamma biedt een goede pasvorm door de verschillende maatvoeringen. De gecoate sluitingen bieden een veilige sluiting en eenvoudige instelmogelijkheden. De harnassen kenmerken zich door een mooi bandenstel dat in veel gevallen op wens van de klant kan worden aangepast! Al deze harnassen hebben een maximaal toelaatbaar gewicht van <strong>150 kg! <\/strong><\/span><\/p>\n<p><span style=\"color: #000000;\">De mogelijkheden met dit type harnas zijn eindeloos. <strong>Vraag vrijblijvend naar de mogelijkheden!<\/strong>\u00a0<\/span><\/p>\n<p><span style=\"color: #000000;\">Ons Basic gamma bestaat o.a. uit:<\/span><br \/>\n<span style=\"color: #000000;\"><a href=\"https:\/\/www.edge-safety.eu\/cms\/product\/edge-dynamic-2-full-body-harnas\/\"><strong>Edge Dynamic 2<\/strong><\/a>: Basic harnas voorzien van 1 D-ring op de rug en 2 lussen (1D) op de borst. Harnas is voorzien van klassieke sluitingen.<\/span><br \/>\n<span style=\"color: #000000;\"><a href=\"https:\/\/www.edge-safety.eu\/cms\/product\/edge-dynamic-2-easy-on-full-body-harnas\/\"><strong> Edge Dynamic 2 Easy On<\/strong><\/a>: Vest-style harnas met een verlengde D-ring op de rug en 2 lussen (1D) op de borst. Harnas is voorzien van snelsluitingen.<\/span><br \/>\n<span style=\"color: #000000;\"><strong><a href=\"https:\/\/www.edge-safety.eu\/cms\/product\/edge-dynamic-4-full-body-harnas\/\">Edge Dynamic 4<\/a>:<\/strong> Basic harnas met ge\u00efntegreerde positioneringsgordel. \u00c9\u00e9n D-ring op de rugs, twee lussen (1D) op de borst en twee D-ringen op de heupen.<\/span>[\/vc_column_text][vc_column_text][\/vc_column_text]<div class=\"woocommerce columns-4 \">\n<div class=\"products_wrapper mfn-woo-products isotope_wrapper default-woo-loop lm_wrapper\">\n\t<ul class=\"products  \">\n<li class=\"isotope-item align-center product type-product post-10953 status-publish first instock product_cat-basic product_cat-harnassen product_cat-valbescherming has-post-thumbnail taxable shipping-taxable product-type-simple\" >\n\n\t<div class=\"mfn-li-product-row mfn-li-product-row-image\"><div class=\"image_frame scale-with-grid product-loop-thumb\"><div class=\"image_wrapper \"><a href=\"https:\/\/www.edge-safety.eu\/cms\/product\/edge-dynamic-1-full-body-harnas\/\" aria-label=\"Edge Dynamic 1 - Full body harnas\" tabindex=\"-1\"><div class=\"mask\"><\/div><img loading=\"lazy\" decoding=\"async\" width=\"800\" height=\"800\" src=\"https:\/\/www.edge-safety.eu\/cms\/wp-content\/uploads\/2020\/12\/Edge-Dynamic-1-800x800.jpg\" class=\"attachment-woocommerce_thumbnail size-woocommerce_thumbnail\" alt=\"Edge Dynamic 1 - Full body harnas\" srcset=\"https:\/\/www.edge-safety.eu\/cms\/wp-content\/uploads\/2020\/12\/Edge-Dynamic-1-800x800.jpg 800w, https:\/\/www.edge-safety.eu\/cms\/wp-content\/uploads\/2020\/12\/Edge-Dynamic-1-300x300.jpg 300w, https:\/\/www.edge-safety.eu\/cms\/wp-content\/uploads\/2020\/12\/Edge-Dynamic-1-150x150.jpg 150w, https:\/\/www.edge-safety.eu\/cms\/wp-content\/uploads\/2020\/12\/Edge-Dynamic-1-768x768.jpg 768w, https:\/\/www.edge-safety.eu\/cms\/wp-content\/uploads\/2020\/12\/Edge-Dynamic-1-146x146.jpg 146w, https:\/\/www.edge-safety.eu\/cms\/wp-content\/uploads\/2020\/12\/Edge-Dynamic-1-50x50.jpg 50w, https:\/\/www.edge-safety.eu\/cms\/wp-content\/uploads\/2020\/12\/Edge-Dynamic-1-75x75.jpg 75w, https:\/\/www.edge-safety.eu\/cms\/wp-content\/uploads\/2020\/12\/Edge-Dynamic-1-85x85.jpg 85w, https:\/\/www.edge-safety.eu\/cms\/wp-content\/uploads\/2020\/12\/Edge-Dynamic-1-80x80.jpg 80w, https:\/\/www.edge-safety.eu\/cms\/wp-content\/uploads\/2020\/12\/Edge-Dynamic-1-600x600.jpg 600w, https:\/\/www.edge-safety.eu\/cms\/wp-content\/uploads\/2020\/12\/Edge-Dynamic-1.jpg 1000w\" sizes=\"auto, (max-width:767px) 480px, (max-width:800px) 100vw, 800px\" \/><\/a><div class=\"image_links\"><a class=\"link\" tabindex=\"-1\" href=\"https:\/\/www.edge-safety.eu\/cms\/product\/edge-dynamic-1-full-body-harnas\/\"><svg viewBox=\"0 0 26 26\"><defs><style>.path{fill:none;stroke:#333;stroke-miterlimit:10;stroke-width:1.5px;}<\/style><\/defs><g><path d=\"M10.17,8.76l2.12-2.12a5,5,0,0,1,7.07,0h0a5,5,0,0,1,0,7.07l-2.12,2.12\" class=\"path\"\/><path d=\"M15.83,17.24l-2.12,2.12a5,5,0,0,1-7.07,0h0a5,5,0,0,1,0-7.07l2.12-2.12\" class=\"path\"\/><line x1=\"10.17\" y1=\"15.83\" x2=\"15.83\" y2=\"10.17\" class=\"path\"\/><\/g><\/svg><\/a><\/div><\/div><a href=\"https:\/\/www.edge-safety.eu\/cms\/product\/edge-dynamic-1-full-body-harnas\/\" aria-label=\"Edge Dynamic 1 - Full body harnas\" tabindex=\"-1\"><span class=\"product-loading-icon added-cart\"><\/span><\/a><\/div><\/div>\n\t<div class=\"desc\">\n\n\t\t\n\t\t<h4 class=\"mfn-woo-product-title\"><a href=\"https:\/\/www.edge-safety.eu\/cms\/product\/edge-dynamic-1-full-body-harnas\/\">Edge Dynamic 1 &#8211; Full body harnas<\/a><\/h4>\n\t\t\n<div class=\"mfn-li-product-row mfn-li-product-row-button hide-button\"><\/div>\n\t<\/div>\n\n<\/li>\n<li class=\"isotope-item align-center product type-product post-10938 status-publish instock product_cat-basic product_cat-harnassen product_cat-valbescherming has-post-thumbnail taxable shipping-taxable product-type-simple\" >\n\n\t<div class=\"mfn-li-product-row mfn-li-product-row-image\"><div class=\"image_frame scale-with-grid product-loop-thumb\"><div class=\"image_wrapper \"><a href=\"https:\/\/www.edge-safety.eu\/cms\/product\/edge-dynamic-2-full-body-harnas\/\" aria-label=\"Edge Dynamic 2 - Full body harnas\" tabindex=\"-1\"><div class=\"mask\"><\/div><img loading=\"lazy\" decoding=\"async\" width=\"800\" height=\"800\" src=\"https:\/\/www.edge-safety.eu\/cms\/wp-content\/uploads\/2020\/12\/FP111002-800x800.jpg\" class=\"attachment-woocommerce_thumbnail size-woocommerce_thumbnail\" alt=\"Edge Dynamic 2 - Full body harnas\" srcset=\"https:\/\/www.edge-safety.eu\/cms\/wp-content\/uploads\/2020\/12\/FP111002-800x800.jpg 800w, https:\/\/www.edge-safety.eu\/cms\/wp-content\/uploads\/2020\/12\/FP111002-300x300.jpg 300w, https:\/\/www.edge-safety.eu\/cms\/wp-content\/uploads\/2020\/12\/FP111002-150x150.jpg 150w, https:\/\/www.edge-safety.eu\/cms\/wp-content\/uploads\/2020\/12\/FP111002-768x768.jpg 768w, https:\/\/www.edge-safety.eu\/cms\/wp-content\/uploads\/2020\/12\/FP111002-146x146.jpg 146w, https:\/\/www.edge-safety.eu\/cms\/wp-content\/uploads\/2020\/12\/FP111002-50x50.jpg 50w, https:\/\/www.edge-safety.eu\/cms\/wp-content\/uploads\/2020\/12\/FP111002-75x75.jpg 75w, https:\/\/www.edge-safety.eu\/cms\/wp-content\/uploads\/2020\/12\/FP111002-85x85.jpg 85w, https:\/\/www.edge-safety.eu\/cms\/wp-content\/uploads\/2020\/12\/FP111002-80x80.jpg 80w, https:\/\/www.edge-safety.eu\/cms\/wp-content\/uploads\/2020\/12\/FP111002-600x600.jpg 600w, https:\/\/www.edge-safety.eu\/cms\/wp-content\/uploads\/2020\/12\/FP111002.jpg 1000w\" sizes=\"auto, (max-width:767px) 480px, (max-width:800px) 100vw, 800px\" \/><\/a><div class=\"image_links\"><a class=\"link\" tabindex=\"-1\" href=\"https:\/\/www.edge-safety.eu\/cms\/product\/edge-dynamic-2-full-body-harnas\/\"><svg viewBox=\"0 0 26 26\"><defs><style>.path{fill:none;stroke:#333;stroke-miterlimit:10;stroke-width:1.5px;}<\/style><\/defs><g><path d=\"M10.17,8.76l2.12-2.12a5,5,0,0,1,7.07,0h0a5,5,0,0,1,0,7.07l-2.12,2.12\" class=\"path\"\/><path d=\"M15.83,17.24l-2.12,2.12a5,5,0,0,1-7.07,0h0a5,5,0,0,1,0-7.07l2.12-2.12\" class=\"path\"\/><line x1=\"10.17\" y1=\"15.83\" x2=\"15.83\" y2=\"10.17\" class=\"path\"\/><\/g><\/svg><\/a><\/div><\/div><a href=\"https:\/\/www.edge-safety.eu\/cms\/product\/edge-dynamic-2-full-body-harnas\/\" aria-label=\"Edge Dynamic 2 - Full body harnas\" tabindex=\"-1\"><span class=\"product-loading-icon added-cart\"><\/span><\/a><\/div><\/div>\n\t<div class=\"desc\">\n\n\t\t\n\t\t<h4 class=\"mfn-woo-product-title\"><a href=\"https:\/\/www.edge-safety.eu\/cms\/product\/edge-dynamic-2-full-body-harnas\/\">Edge Dynamic 2 &#8211; Full body harnas<\/a><\/h4>\n\t\t\n<div class=\"mfn-li-product-row mfn-li-product-row-button hide-button\"><\/div>\n\t<\/div>\n\n<\/li>\n<li class=\"isotope-item align-center product type-product post-11121 status-publish instock product_cat-basic product_cat-harnassen product_cat-valbescherming has-post-thumbnail taxable shipping-taxable product-type-simple\" >\n\n\t<div class=\"mfn-li-product-row mfn-li-product-row-image\"><div class=\"image_frame scale-with-grid product-loop-thumb\"><div class=\"image_wrapper \"><a href=\"https:\/\/www.edge-safety.eu\/cms\/product\/edge-dynamic-2-basic-automatic-full-body-harnas\/\" aria-label=\"Edge Dynamic 2 Basic Automatic - Full body harnas\" tabindex=\"-1\"><div class=\"mask\"><\/div><img loading=\"lazy\" decoding=\"async\" width=\"800\" height=\"800\" src=\"https:\/\/www.edge-safety.eu\/cms\/wp-content\/uploads\/2020\/12\/FP111002-800x800.jpg\" class=\"attachment-woocommerce_thumbnail size-woocommerce_thumbnail\" alt=\"Edge Dynamic 2 Basic Automatic - Full body harnas\" srcset=\"https:\/\/www.edge-safety.eu\/cms\/wp-content\/uploads\/2020\/12\/FP111002-800x800.jpg 800w, https:\/\/www.edge-safety.eu\/cms\/wp-content\/uploads\/2020\/12\/FP111002-300x300.jpg 300w, https:\/\/www.edge-safety.eu\/cms\/wp-content\/uploads\/2020\/12\/FP111002-150x150.jpg 150w, https:\/\/www.edge-safety.eu\/cms\/wp-content\/uploads\/2020\/12\/FP111002-768x768.jpg 768w, https:\/\/www.edge-safety.eu\/cms\/wp-content\/uploads\/2020\/12\/FP111002-146x146.jpg 146w, https:\/\/www.edge-safety.eu\/cms\/wp-content\/uploads\/2020\/12\/FP111002-50x50.jpg 50w, https:\/\/www.edge-safety.eu\/cms\/wp-content\/uploads\/2020\/12\/FP111002-75x75.jpg 75w, https:\/\/www.edge-safety.eu\/cms\/wp-content\/uploads\/2020\/12\/FP111002-85x85.jpg 85w, https:\/\/www.edge-safety.eu\/cms\/wp-content\/uploads\/2020\/12\/FP111002-80x80.jpg 80w, https:\/\/www.edge-safety.eu\/cms\/wp-content\/uploads\/2020\/12\/FP111002-600x600.jpg 600w, https:\/\/www.edge-safety.eu\/cms\/wp-content\/uploads\/2020\/12\/FP111002.jpg 1000w\" sizes=\"auto, (max-width:767px) 480px, (max-width:800px) 100vw, 800px\" \/><\/a><div class=\"image_links\"><a class=\"link\" tabindex=\"-1\" href=\"https:\/\/www.edge-safety.eu\/cms\/product\/edge-dynamic-2-basic-automatic-full-body-harnas\/\"><svg viewBox=\"0 0 26 26\"><defs><style>.path{fill:none;stroke:#333;stroke-miterlimit:10;stroke-width:1.5px;}<\/style><\/defs><g><path d=\"M10.17,8.76l2.12-2.12a5,5,0,0,1,7.07,0h0a5,5,0,0,1,0,7.07l-2.12,2.12\" class=\"path\"\/><path d=\"M15.83,17.24l-2.12,2.12a5,5,0,0,1-7.07,0h0a5,5,0,0,1,0-7.07l2.12-2.12\" class=\"path\"\/><line x1=\"10.17\" y1=\"15.83\" x2=\"15.83\" y2=\"10.17\" class=\"path\"\/><\/g><\/svg><\/a><\/div><\/div><a href=\"https:\/\/www.edge-safety.eu\/cms\/product\/edge-dynamic-2-basic-automatic-full-body-harnas\/\" aria-label=\"Edge Dynamic 2 Basic Automatic - Full body harnas\" tabindex=\"-1\"><span class=\"product-loading-icon added-cart\"><\/span><\/a><\/div><\/div>\n\t<div class=\"desc\">\n\n\t\t\n\t\t<h4 class=\"mfn-woo-product-title\"><a href=\"https:\/\/www.edge-safety.eu\/cms\/product\/edge-dynamic-2-basic-automatic-full-body-harnas\/\">Edge Dynamic 2 Basic Automatic &#8211; Full body harnas<\/a><\/h4>\n\t\t\n<div class=\"mfn-li-product-row mfn-li-product-row-button hide-button\"><\/div>\n\t<\/div>\n\n<\/li>\n<li class=\"isotope-item align-center product type-product post-10966 status-publish last instock product_cat-basic product_cat-harnassen product_cat-valbescherming has-post-thumbnail taxable shipping-taxable product-type-simple\" >\n\n\t<div class=\"mfn-li-product-row mfn-li-product-row-image\"><div class=\"image_frame scale-with-grid product-loop-thumb\"><div class=\"image_wrapper \"><a href=\"https:\/\/www.edge-safety.eu\/cms\/product\/edge-dynamic-2-easy-on-full-body-harnas\/\" aria-label=\"Edge Dynamic 2 Easy On- Full body harnas\" tabindex=\"-1\"><div class=\"mask\"><\/div><img loading=\"lazy\" decoding=\"async\" width=\"800\" height=\"800\" src=\"https:\/\/www.edge-safety.eu\/cms\/wp-content\/uploads\/2020\/12\/Edge-Dynamic-Easy-on-800x800.jpg\" class=\"attachment-woocommerce_thumbnail size-woocommerce_thumbnail\" alt=\"Edge Dynamic 2 Easy On- Full body harnas\" srcset=\"https:\/\/www.edge-safety.eu\/cms\/wp-content\/uploads\/2020\/12\/Edge-Dynamic-Easy-on-800x800.jpg 800w, https:\/\/www.edge-safety.eu\/cms\/wp-content\/uploads\/2020\/12\/Edge-Dynamic-Easy-on-300x300.jpg 300w, https:\/\/www.edge-safety.eu\/cms\/wp-content\/uploads\/2020\/12\/Edge-Dynamic-Easy-on-150x150.jpg 150w, https:\/\/www.edge-safety.eu\/cms\/wp-content\/uploads\/2020\/12\/Edge-Dynamic-Easy-on-768x768.jpg 768w, https:\/\/www.edge-safety.eu\/cms\/wp-content\/uploads\/2020\/12\/Edge-Dynamic-Easy-on-146x146.jpg 146w, https:\/\/www.edge-safety.eu\/cms\/wp-content\/uploads\/2020\/12\/Edge-Dynamic-Easy-on-50x50.jpg 50w, https:\/\/www.edge-safety.eu\/cms\/wp-content\/uploads\/2020\/12\/Edge-Dynamic-Easy-on-75x75.jpg 75w, https:\/\/www.edge-safety.eu\/cms\/wp-content\/uploads\/2020\/12\/Edge-Dynamic-Easy-on-85x85.jpg 85w, https:\/\/www.edge-safety.eu\/cms\/wp-content\/uploads\/2020\/12\/Edge-Dynamic-Easy-on-80x80.jpg 80w, https:\/\/www.edge-safety.eu\/cms\/wp-content\/uploads\/2020\/12\/Edge-Dynamic-Easy-on-600x600.jpg 600w, https:\/\/www.edge-safety.eu\/cms\/wp-content\/uploads\/2020\/12\/Edge-Dynamic-Easy-on.jpg 1000w\" sizes=\"auto, (max-width:767px) 480px, (max-width:800px) 100vw, 800px\" \/><\/a><div class=\"image_links\"><a class=\"link\" tabindex=\"-1\" href=\"https:\/\/www.edge-safety.eu\/cms\/product\/edge-dynamic-2-easy-on-full-body-harnas\/\"><svg viewBox=\"0 0 26 26\"><defs><style>.path{fill:none;stroke:#333;stroke-miterlimit:10;stroke-width:1.5px;}<\/style><\/defs><g><path d=\"M10.17,8.76l2.12-2.12a5,5,0,0,1,7.07,0h0a5,5,0,0,1,0,7.07l-2.12,2.12\" class=\"path\"\/><path d=\"M15.83,17.24l-2.12,2.12a5,5,0,0,1-7.07,0h0a5,5,0,0,1,0-7.07l2.12-2.12\" class=\"path\"\/><line x1=\"10.17\" y1=\"15.83\" x2=\"15.83\" y2=\"10.17\" class=\"path\"\/><\/g><\/svg><\/a><\/div><\/div><a href=\"https:\/\/www.edge-safety.eu\/cms\/product\/edge-dynamic-2-easy-on-full-body-harnas\/\" aria-label=\"Edge Dynamic 2 Easy On- Full body harnas\" tabindex=\"-1\"><span class=\"product-loading-icon added-cart\"><\/span><\/a><\/div><\/div>\n\t<div class=\"desc\">\n\n\t\t\n\t\t<h4 class=\"mfn-woo-product-title\"><a href=\"https:\/\/www.edge-safety.eu\/cms\/product\/edge-dynamic-2-easy-on-full-body-harnas\/\">Edge Dynamic 2 Easy On- Full body harnas<\/a><\/h4>\n\t\t\n<div class=\"mfn-li-product-row mfn-li-product-row-button hide-button\"><\/div>\n\t<\/div>\n\n<\/li>\n<li class=\"isotope-item align-center product type-product post-10981 status-publish first instock product_cat-basic product_cat-harnassen product_cat-valbescherming has-post-thumbnail taxable shipping-taxable product-type-simple\" >\n\n\t<div class=\"mfn-li-product-row mfn-li-product-row-image\"><div class=\"image_frame scale-with-grid product-loop-thumb\"><div class=\"image_wrapper \"><a href=\"https:\/\/www.edge-safety.eu\/cms\/product\/edge-dynamic-4-full-body-harnas\/\" aria-label=\"Edge Dynamic 4 - Full body harnas\" tabindex=\"-1\"><div class=\"mask\"><\/div><img loading=\"lazy\" decoding=\"async\" width=\"800\" height=\"800\" src=\"https:\/\/www.edge-safety.eu\/cms\/wp-content\/uploads\/2020\/12\/Edge-Valbeveiliging-Harnas-Edge-Dynamic-4-FP111004xx-800x800.jpg\" class=\"attachment-woocommerce_thumbnail size-woocommerce_thumbnail\" alt=\"Edge Dynamic 4 - Full body harnas\" srcset=\"https:\/\/www.edge-safety.eu\/cms\/wp-content\/uploads\/2020\/12\/Edge-Valbeveiliging-Harnas-Edge-Dynamic-4-FP111004xx-800x800.jpg 800w, https:\/\/www.edge-safety.eu\/cms\/wp-content\/uploads\/2020\/12\/Edge-Valbeveiliging-Harnas-Edge-Dynamic-4-FP111004xx-300x300.jpg 300w, https:\/\/www.edge-safety.eu\/cms\/wp-content\/uploads\/2020\/12\/Edge-Valbeveiliging-Harnas-Edge-Dynamic-4-FP111004xx-150x150.jpg 150w, https:\/\/www.edge-safety.eu\/cms\/wp-content\/uploads\/2020\/12\/Edge-Valbeveiliging-Harnas-Edge-Dynamic-4-FP111004xx-768x768.jpg 768w, https:\/\/www.edge-safety.eu\/cms\/wp-content\/uploads\/2020\/12\/Edge-Valbeveiliging-Harnas-Edge-Dynamic-4-FP111004xx-146x146.jpg 146w, https:\/\/www.edge-safety.eu\/cms\/wp-content\/uploads\/2020\/12\/Edge-Valbeveiliging-Harnas-Edge-Dynamic-4-FP111004xx-50x50.jpg 50w, https:\/\/www.edge-safety.eu\/cms\/wp-content\/uploads\/2020\/12\/Edge-Valbeveiliging-Harnas-Edge-Dynamic-4-FP111004xx-75x75.jpg 75w, https:\/\/www.edge-safety.eu\/cms\/wp-content\/uploads\/2020\/12\/Edge-Valbeveiliging-Harnas-Edge-Dynamic-4-FP111004xx-85x85.jpg 85w, https:\/\/www.edge-safety.eu\/cms\/wp-content\/uploads\/2020\/12\/Edge-Valbeveiliging-Harnas-Edge-Dynamic-4-FP111004xx-80x80.jpg 80w, https:\/\/www.edge-safety.eu\/cms\/wp-content\/uploads\/2020\/12\/Edge-Valbeveiliging-Harnas-Edge-Dynamic-4-FP111004xx-600x600.jpg 600w, https:\/\/www.edge-safety.eu\/cms\/wp-content\/uploads\/2020\/12\/Edge-Valbeveiliging-Harnas-Edge-Dynamic-4-FP111004xx.jpg 1000w\" sizes=\"auto, (max-width:767px) 480px, (max-width:800px) 100vw, 800px\" \/><\/a><div class=\"image_links\"><a class=\"link\" tabindex=\"-1\" href=\"https:\/\/www.edge-safety.eu\/cms\/product\/edge-dynamic-4-full-body-harnas\/\"><svg viewBox=\"0 0 26 26\"><defs><style>.path{fill:none;stroke:#333;stroke-miterlimit:10;stroke-width:1.5px;}<\/style><\/defs><g><path d=\"M10.17,8.76l2.12-2.12a5,5,0,0,1,7.07,0h0a5,5,0,0,1,0,7.07l-2.12,2.12\" class=\"path\"\/><path d=\"M15.83,17.24l-2.12,2.12a5,5,0,0,1-7.07,0h0a5,5,0,0,1,0-7.07l2.12-2.12\" class=\"path\"\/><line x1=\"10.17\" y1=\"15.83\" x2=\"15.83\" y2=\"10.17\" class=\"path\"\/><\/g><\/svg><\/a><\/div><\/div><a href=\"https:\/\/www.edge-safety.eu\/cms\/product\/edge-dynamic-4-full-body-harnas\/\" aria-label=\"Edge Dynamic 4 - Full body harnas\" tabindex=\"-1\"><span class=\"product-loading-icon added-cart\"><\/span><\/a><\/div><\/div>\n\t<div class=\"desc\">\n\n\t\t\n\t\t<h4 class=\"mfn-woo-product-title\"><a href=\"https:\/\/www.edge-safety.eu\/cms\/product\/edge-dynamic-4-full-body-harnas\/\">Edge Dynamic 4 &#8211; Full body harnas<\/a><\/h4>\n\t\t\n<div class=\"mfn-li-product-row mfn-li-product-row-button hide-button\"><\/div>\n\t<\/div>\n\n<\/li>\n\n\t<\/ul>\n<\/div><\/div>[\/vc_column][\/vc_row]<\/p>\n<\/div>","protected":false},"excerpt":{"rendered":"<p>[vc_row][vc_column][vc_custom_heading text=&#8221;Basic&#8221; font_container=&#8221;tag:h3|text_align:left&#8221; use_theme_fonts=&#8221;yes&#8221;][vc_column_text]EENVOUDIG, FUNCTIONEEL EN VEILIG Ons Basic gamma biedt een goede pasvorm door de verschillende maatvoeringen. De gecoate sluitingen bieden een veilige sluiting en<span class=\"excerpt-hellip\"> [\u2026]<\/span><\/p>\n","protected":false},"author":1,"featured_media":0,"parent":3974,"menu_order":0,"comment_status":"closed","ping_status":"closed","template":"","meta":{"footnotes":""},"class_list":["post-10937","page","type-page","status-publish","hentry"],"yoast_head":"<!-- This site is optimized with the Yoast SEO plugin v27.4 - https:\/\/yoast.com\/product\/yoast-seo-wordpress\/ -->\n<title>Basic - Edge Safety Equipment BV<\/title>\n<meta name=\"robots\" content=\"index, follow, max-snippet:-1, max-image-preview:large, max-video-preview:-1\" \/>\n<link rel=\"canonical\" href=\"https:\/\/www.edge-safety.eu\/cms\/valbescherming\/harnassen\/basic\/\" \/>\n<meta property=\"og:locale\" content=\"nl_NL\" \/>\n<meta property=\"og:type\" content=\"article\" \/>\n<meta property=\"og:title\" content=\"Basic - Edge Safety Equipment BV\" \/>\n<meta property=\"og:description\" content=\"[vc_row][vc_column][vc_custom_heading text=&#8221;Basic&#8221; font_container=&#8221;tag:h3|text_align:left&#8221; use_theme_fonts=&#8221;yes&#8221;][vc_column_text]EENVOUDIG, FUNCTIONEEL EN VEILIG Ons Basic gamma biedt een goede pasvorm door de verschillende maatvoeringen. De gecoate sluitingen bieden een veilige sluiting en [\u2026]\" \/>\n<meta property=\"og:url\" content=\"https:\/\/www.edge-safety.eu\/cms\/valbescherming\/harnassen\/basic\/\" \/>\n<meta property=\"og:site_name\" content=\"Edge Safety Equipment BV\" \/>\n<meta property=\"article:modified_time\" content=\"2020-12-22T16:19:07+00:00\" \/>\n<meta name=\"twitter:card\" content=\"summary_large_image\" \/>\n<meta name=\"twitter:label1\" content=\"Geschatte leestijd\" \/>\n\t<meta name=\"twitter:data1\" content=\"1 minuut\" \/>\n<script type=\"application\/ld+json\" class=\"yoast-schema-graph\">{\"@context\":\"https:\\\/\\\/schema.org\",\"@graph\":[{\"@type\":\"WebPage\",\"@id\":\"https:\\\/\\\/www.edge-safety.eu\\\/cms\\\/valbescherming\\\/harnassen\\\/basic\\\/\",\"url\":\"https:\\\/\\\/www.edge-safety.eu\\\/cms\\\/valbescherming\\\/harnassen\\\/basic\\\/\",\"name\":\"Basic - Edge Safety Equipment BV\",\"isPartOf\":{\"@id\":\"https:\\\/\\\/www.edge-safety.eu\\\/cms\\\/#website\"},\"datePublished\":\"2020-12-16T13:33:56+00:00\",\"dateModified\":\"2020-12-22T16:19:07+00:00\",\"breadcrumb\":{\"@id\":\"https:\\\/\\\/www.edge-safety.eu\\\/cms\\\/valbescherming\\\/harnassen\\\/basic\\\/#breadcrumb\"},\"inLanguage\":\"nl-NL\",\"potentialAction\":[{\"@type\":\"ReadAction\",\"target\":[\"https:\\\/\\\/www.edge-safety.eu\\\/cms\\\/valbescherming\\\/harnassen\\\/basic\\\/\"]}]},{\"@type\":\"BreadcrumbList\",\"@id\":\"https:\\\/\\\/www.edge-safety.eu\\\/cms\\\/valbescherming\\\/harnassen\\\/basic\\\/#breadcrumb\",\"itemListElement\":[{\"@type\":\"ListItem\",\"position\":1,\"name\":\"Home\",\"item\":\"https:\\\/\\\/www.edge-safety.eu\\\/cms\\\/\"},{\"@type\":\"ListItem\",\"position\":2,\"name\":\"Valbescherming\",\"item\":\"https:\\\/\\\/www.edge-safety.eu\\\/cms\\\/valbescherming\\\/\"},{\"@type\":\"ListItem\",\"position\":3,\"name\":\"Harnassen\",\"item\":\"https:\\\/\\\/www.edge-safety.eu\\\/cms\\\/valbescherming\\\/harnassen\\\/\"},{\"@type\":\"ListItem\",\"position\":4,\"name\":\"Basic\"}]},{\"@type\":\"WebSite\",\"@id\":\"https:\\\/\\\/www.edge-safety.eu\\\/cms\\\/#website\",\"url\":\"https:\\\/\\\/www.edge-safety.eu\\\/cms\\\/\",\"name\":\"Edge Safety Equipment BV\",\"description\":\"Fabrikant in persoonlijkebeveiligings middelen\",\"potentialAction\":[{\"@type\":\"SearchAction\",\"target\":{\"@type\":\"EntryPoint\",\"urlTemplate\":\"https:\\\/\\\/www.edge-safety.eu\\\/cms\\\/?s={search_term_string}\"},\"query-input\":{\"@type\":\"PropertyValueSpecification\",\"valueRequired\":true,\"valueName\":\"search_term_string\"}}],\"inLanguage\":\"nl-NL\"}]}<\/script>\n<!-- \/ Yoast SEO plugin. -->","yoast_head_json":{"title":"Basic - Edge Safety Equipment BV","robots":{"index":"index","follow":"follow","max-snippet":"max-snippet:-1","max-image-preview":"max-image-preview:large","max-video-preview":"max-video-preview:-1"},"canonical":"https:\/\/www.edge-safety.eu\/cms\/valbescherming\/harnassen\/basic\/","og_locale":"nl_NL","og_type":"article","og_title":"Basic - Edge Safety Equipment BV","og_description":"[vc_row][vc_column][vc_custom_heading text=&#8221;Basic&#8221; font_container=&#8221;tag:h3|text_align:left&#8221; use_theme_fonts=&#8221;yes&#8221;][vc_column_text]EENVOUDIG, FUNCTIONEEL EN VEILIG Ons Basic gamma biedt een goede pasvorm door de verschillende maatvoeringen. De gecoate sluitingen bieden een veilige sluiting en [\u2026]","og_url":"https:\/\/www.edge-safety.eu\/cms\/valbescherming\/harnassen\/basic\/","og_site_name":"Edge Safety Equipment BV","article_modified_time":"2020-12-22T16:19:07+00:00","twitter_card":"summary_large_image","twitter_misc":{"Geschatte leestijd":"1 minuut"},"schema":{"@context":"https:\/\/schema.org","@graph":[{"@type":"WebPage","@id":"https:\/\/www.edge-safety.eu\/cms\/valbescherming\/harnassen\/basic\/","url":"https:\/\/www.edge-safety.eu\/cms\/valbescherming\/harnassen\/basic\/","name":"Basic - Edge Safety Equipment BV","isPartOf":{"@id":"https:\/\/www.edge-safety.eu\/cms\/#website"},"datePublished":"2020-12-16T13:33:56+00:00","dateModified":"2020-12-22T16:19:07+00:00","breadcrumb":{"@id":"https:\/\/www.edge-safety.eu\/cms\/valbescherming\/harnassen\/basic\/#breadcrumb"},"inLanguage":"nl-NL","potentialAction":[{"@type":"ReadAction","target":["https:\/\/www.edge-safety.eu\/cms\/valbescherming\/harnassen\/basic\/"]}]},{"@type":"BreadcrumbList","@id":"https:\/\/www.edge-safety.eu\/cms\/valbescherming\/harnassen\/basic\/#breadcrumb","itemListElement":[{"@type":"ListItem","position":1,"name":"Home","item":"https:\/\/www.edge-safety.eu\/cms\/"},{"@type":"ListItem","position":2,"name":"Valbescherming","item":"https:\/\/www.edge-safety.eu\/cms\/valbescherming\/"},{"@type":"ListItem","position":3,"name":"Harnassen","item":"https:\/\/www.edge-safety.eu\/cms\/valbescherming\/harnassen\/"},{"@type":"ListItem","position":4,"name":"Basic"}]},{"@type":"WebSite","@id":"https:\/\/www.edge-safety.eu\/cms\/#website","url":"https:\/\/www.edge-safety.eu\/cms\/","name":"Edge Safety Equipment BV","description":"Fabrikant in persoonlijkebeveiligings middelen","potentialAction":[{"@type":"SearchAction","target":{"@type":"EntryPoint","urlTemplate":"https:\/\/www.edge-safety.eu\/cms\/?s={search_term_string}"},"query-input":{"@type":"PropertyValueSpecification","valueRequired":true,"valueName":"search_term_string"}}],"inLanguage":"nl-NL"}]}},"jetpack_sharing_enabled":true,"_links":{"self":[{"href":"https:\/\/www.edge-safety.eu\/cms\/wp-json\/wp\/v2\/pages\/10937","targetHints":{"allow":["GET"]}}],"collection":[{"href":"https:\/\/www.edge-safety.eu\/cms\/wp-json\/wp\/v2\/pages"}],"about":[{"href":"https:\/\/www.edge-safety.eu\/cms\/wp-json\/wp\/v2\/types\/page"}],"author":[{"embeddable":true,"href":"https:\/\/www.edge-safety.eu\/cms\/wp-json\/wp\/v2\/users\/1"}],"replies":[{"embeddable":true,"href":"https:\/\/www.edge-safety.eu\/cms\/wp-json\/wp\/v2\/comments?post=10937"}],"version-history":[{"count":0,"href":"https:\/\/www.edge-safety.eu\/cms\/wp-json\/wp\/v2\/pages\/10937\/revisions"}],"up":[{"embeddable":true,"href":"https:\/\/www.edge-safety.eu\/cms\/wp-json\/wp\/v2\/pages\/3974"}],"wp:attachment":[{"href":"https:\/\/www.edge-safety.eu\/cms\/wp-json\/wp\/v2\/media?parent=10937"}],"curies":[{"name":"wp","href":"https:\/\/api.w.org\/{rel}","templated":true}]}}